{"id":20,"date":"2026-02-20T15:58:10","date_gmt":"2026-02-20T15:58:10","guid":{"rendered":"https:\/\/normagarcia.it\/reserva\/"},"modified":"2026-03-16T04:08:31","modified_gmt":"2026-03-16T04:08:31","slug":"consulenza","status":"publish","type":"page","link":"https:\/\/normagarcia.it\/pt\/consulenza\/","title":{"rendered":"Consultoria"},"content":{"rendered":"<div class=\"wp-block-group alignfull is-style-ext-preset--group--natural-1--header-1 has-background-background-color has-background has-global-padding is-layout-constrained wp-container-core-group-is-layout-e955bbaf wp-block-group-is-layout-constrained\" style=\"margin-top:0;margin-bottom:0;padding-top:var(--wp--preset--spacing--70);padding-bottom:var(--wp--preset--spacing--70)\">\n<div class=\"wp-block-group is-vertical is-content-justification-left is-layout-flex wp-container-core-group-is-layout-dd225191 wp-block-group-is-layout-flex\">\n<h1 class=\"wp-block-heading has-text-align-left\">Consulenza Strategica Ads e Automazione IA<\/h1>\n\n\n\n<h2 class=\"wp-block-heading\">Un confronto chiaro per capire dove intervenire prima<\/h2>\n\n\n\n<p class=\"has-text-align-left\"><strong>Prenota una Consulenza Strategica su Ads e Automazione IA, Google Business Profile e analisi dati per capire dove intervenire prima.<\/strong><\/p>\n<\/div>\n\n\n\n<div class=\"wp-block-columns alignwide is-layout-flex wp-container-core-columns-is-layout-174606dc wp-block-columns-is-layout-flex\">\n<div class=\"wp-block-column is-vertically-aligned-stretch is-layout-flow wp-container-core-column-is-layout-119bc444 wp-block-column-is-layout-flow\">\n<div class=\"wp-block-cover is-light is-style-ext-preset--image--natural-1--image-1--content-right is-style-ext-preset--image--natural-1--image-1--content-right--2\" style=\"padding-top:0;padding-bottom:0;min-height:826px;aspect-ratio:unset;\"><img loading=\"lazy\" decoding=\"async\" width=\"1024\" height=\"1024\" class=\"wp-block-cover__image-background wp-image-772 size-full\" alt=\"Norma Garcia - Consulente specializzata in Strategia Ads e Automazione con Intelligenza Artificiale\" src=\"https:\/\/normagarcia.it\/wp-content\/uploads\/2026\/03\/3-strategia-ads-ia-campagne-google-meta-ads.jpg.png\" style=\"object-position:53% 38%\" data-object-fit=\"cover\" data-object-position=\"53% 38%\" srcset=\"https:\/\/normagarcia.it\/wp-content\/uploads\/2026\/03\/3-strategia-ads-ia-campagne-google-meta-ads.jpg.png 1024w, https:\/\/normagarcia.it\/wp-content\/uploads\/2026\/03\/3-strategia-ads-ia-campagne-google-meta-ads.jpg-300x300.png 300w, https:\/\/normagarcia.it\/wp-content\/uploads\/2026\/03\/3-strategia-ads-ia-campagne-google-meta-ads.jpg-150x150.png 150w, https:\/\/normagarcia.it\/wp-content\/uploads\/2026\/03\/3-strategia-ads-ia-campagne-google-meta-ads.jpg-768x768.png 768w, https:\/\/normagarcia.it\/wp-content\/uploads\/2026\/03\/3-strategia-ads-ia-campagne-google-meta-ads.jpg-12x12.png 12w\" sizes=\"auto, (max-width: 1024px) 100vw, 1024px\" \/><span aria-hidden=\"true\" class=\"wp-block-cover__background has-background-dim-0 has-background-dim\" style=\"background-color:#dbd2d1\"><\/span><div class=\"wp-block-cover__inner-container is-layout-flow wp-block-cover-is-layout-flow\">\n<div style=\"height:240px\" aria-hidden=\"true\" class=\"wp-block-spacer\"><\/div>\n<\/div><\/div>\n<\/div>\n\n\n\n<div class=\"wp-block-column is-vertically-aligned-center is-layout-flow wp-container-core-column-is-layout-f5bb311e wp-block-column-is-layout-flow\">\n<div class=\"wp-block-group is-style-ext-preset--group--natural-1--item-card-1--align-start has-global-padding is-layout-constrained wp-block-group-is-layout-constrained is-style-ext-preset--group--natural-1--item-card-1--align-start--3\">\n<div class=\"wp-block-group is-style-default has-global-padding is-layout-constrained wp-block-group-is-layout-constrained\">\n<div class=\"wp-block-group is-nowrap is-layout-flex wp-container-core-group-is-layout-64fa2afa wp-block-group-is-layout-flex\" style=\"padding-top:0;padding-right:0;padding-bottom:0;padding-left:0\">\n<figure class=\"wp-block-image size-large ext-aspect-landscape wp-duotone-primary-foreground\"><img decoding=\"async\" src=\"data:image\/svg+xml;base64,PHN2ZyB4bWxucz0iaHR0cDovL3d3dy53My5vcmcvMjAwMC9zdmciIHdpZHRoPSI0OCIgaGVpZ2h0PSI0OCIgZmlsbD0iIzAwMDAwMCIgdmlld0JveD0iMCAwIDI1NiAyNTYiPjxwYXRoIGQ9Ik0xMjgsMjRBMTA0LDEwNCwwLDEsMCwyMzIsMTI4LDEwNC4xMSwxMDQuMTEsMCwwLDAsMTI4LDI0Wm0wLDE5MmE4OCw4OCwwLDEsMSw4OC04OEE4OC4xLDg4LjEsMCwwLDEsMTI4LDIxNlpNMTQwLDgwdjk2YTgsOCwwLDAsMS0xNiwwVjk1bC0xMS41Niw3LjcxYTgsOCwwLDEsMS04Ljg4LTEzLjMybDI0LTE2QTgsOCwwLDAsMSwxNDAsODBaIj48L3BhdGg+PC9zdmc+\" alt=\"\" style=\"object-fit:cover\"\/><\/figure>\n\n\n\n<div class=\"wp-block-group wp-container-content-958eb9dc has-global-padding is-layout-constrained wp-container-core-group-is-layout-c06d165c wp-block-group-is-layout-constrained\" style=\"padding-top:0;padding-right:0;padding-bottom:0;padding-left:0\">\n<h2 class=\"wp-block-heading\"><strong>An\u00e1lise<\/strong><\/h2>\n\n\n\n<p>Prima della consulenza osservo il tuo profilo e il tuo contesto per capire dove ha pi\u00f9 senso intervenire: LinkedIn, Google Business Profile o altri punti della tua presenza digitale.<\/p>\n\n\n\n<p>Durante la consulenza partiamo da elementi concreti, cos\u00ec il confronto non resta su ipotesi generiche ma su ci\u00f2 che oggi merita davvero attenzione.<\/p>\n<\/div>\n<\/div>\n<\/div>\n<\/div>\n\n\n\n<div class=\"wp-block-group is-style-ext-preset--group--natural-1--item-card-1--align-start has-global-padding is-layout-constrained wp-block-group-is-layout-constrained is-style-ext-preset--group--natural-1--item-card-1--align-start--4\">\n<div class=\"wp-block-group is-style-default has-global-padding is-layout-constrained wp-block-group-is-layout-constrained\">\n<div class=\"wp-block-group is-nowrap is-layout-flex wp-container-core-group-is-layout-64fa2afa wp-block-group-is-layout-flex\" style=\"padding-top:0;padding-right:0;padding-bottom:0;padding-left:0\">\n<figure class=\"wp-block-image size-large ext-aspect-landscape wp-duotone-primary-foreground\"><img decoding=\"async\" src=\"data:image\/svg+xml;base64,PHN2ZyB4bWxucz0iaHR0cDovL3d3dy53My5vcmcvMjAwMC9zdmciIHdpZHRoPSI0OCIgaGVpZ2h0PSI0OCIgZmlsbD0iIzAwMDAwMCIgdmlld0JveD0iMCAwIDI1NiAyNTYiPjxwYXRoIGQ9Ik0xMjgsMjRBMTA0LDEwNCwwLDEsMCwyMzIsMTI4LDEwNC4xMSwxMDQuMTEsMCwwLDAsMTI4LDI0Wm0wLDE5MmE4OCw4OCwwLDEsMSw4OC04OEE4OC4xLDg4LjEsMCwwLDEsMTI4LDIxNlptMjUuNTYtOTIuNzRMMTIwLDE2OGgzMmE4LDgsMCwwLDEsMCwxNkgxMDRhOCw4LDAsMCwxLTYuNC0xMi44bDQzLjE3LTU3LjU2YTE2LDE2LDAsMSwwLTI3Ljg2LTE1LDgsOCwwLDAsMS0xNS4wOS01LjM0LDMyLDMyLDAsMSwxLDU1Ljc0LDI5LjkzWiI+PC9wYXRoPjwvc3ZnPg==\" alt=\"\" style=\"object-fit:cover\"\/><\/figure>\n\n\n\n<div class=\"wp-block-group wp-container-content-958eb9dc has-global-padding is-layout-constrained wp-container-core-group-is-layout-c06d165c wp-block-group-is-layout-constrained\" style=\"padding-top:0;padding-right:0;padding-bottom:0;padding-left:0\">\n<h2 class=\"wp-block-heading\"><strong><strong><strong>&nbsp;Priorit\u00e0<\/strong><\/strong><\/strong><\/h2>\n\n\n\n<p>Analizziamo insieme ci\u00f2 che oggi pu\u00f2 fare pi\u00f9 differenza per la tua visibilit\u00e0, il tuo posizionamento e la qualit\u00e0 dei contatti che vuoi attrarre.\u200b<\/p>\n\n\n\n<p>Valutiamo quale leva pu\u00f2 avere pi\u00f9 impatto adesso: LinkedIn per professionisti e B2B, Google Business Profile per la visibilit\u00e0 locale, oppure un lavoro pi\u00f9 ampio su contenuti, Ads e automazione IA.<\/p>\n<\/div>\n<\/div>\n<\/div>\n<\/div>\n\n\n\n<div class=\"wp-block-group is-style-ext-preset--group--natural-1--item-card-1--align-start has-global-padding is-layout-constrained wp-block-group-is-layout-constrained is-style-ext-preset--group--natural-1--item-card-1--align-start--5\">\n<div class=\"wp-block-group is-style-default has-global-padding is-layout-constrained wp-block-group-is-layout-constrained\">\n<div class=\"wp-block-group is-nowrap is-layout-flex wp-container-core-group-is-layout-64fa2afa wp-block-group-is-layout-flex\" style=\"padding-top:0;padding-right:0;padding-bottom:0;padding-left:0\">\n<figure class=\"wp-block-image size-large ext-aspect-landscape wp-duotone-primary-foreground\"><img decoding=\"async\" src=\"data:image\/svg+xml;base64,PHN2ZyB4bWxucz0iaHR0cDovL3d3dy53My5vcmcvMjAwMC9zdmciIHdpZHRoPSI0OCIgaGVpZ2h0PSI0OCIgZmlsbD0iIzAwMDAwMCIgdmlld0JveD0iMCAwIDI1NiAyNTYiPjxwYXRoIGQ9Ik0xMjgsMjRBMTA0LDEwNCwwLDEsMCwyMzIsMTI4LDEwNC4xMSwxMDQuMTEsMCwwLDAsMTI4LDI0Wm0wLDE5MmE4OCw4OCwwLDEsMSw4OC04OEE4OC4xLDg4LjEsMCwwLDEsMTI4LDIxNlptMzItNjRhMzYsMzYsMCwwLDEtNjEuNzEsMjUuMTlBOCw4LDAsMSwxLDEwOS43MSwxNjYsMjAsMjAsMCwxLDAsMTI0LDEzMmE4LDgsMCwwLDEtNi41NS0xMi41OUwxMzYuNjMsOTJIMTA0YTgsOCwwLDAsMSwwLTE2aDQ4YTgsOCwwLDAsMSw2LjU1LDEyLjU5bC0yMSwzMEEzNi4wNywzNi4wNywwLDAsMSwxNjAsMTUyWiI+PC9wYXRoPjwvc3ZnPg==\" alt=\"\" style=\"object-fit:cover\"\/><\/figure>\n\n\n\n<div class=\"wp-block-group wp-container-content-958eb9dc has-global-padding is-layout-constrained wp-container-core-group-is-layout-c06d165c wp-block-group-is-layout-constrained\" style=\"padding-top:0;padding-right:0;padding-bottom:0;padding-left:0\">\n<h2 class=\"wp-block-heading\"><strong><strong>&nbsp;Direzione<\/strong><\/strong><\/h2>\n\n\n\n<p>Ti aiuto a capire se in questo momento serve lavorare soprattutto su LinkedIn, su Google Business Profile, sulla struttura dei contenuti o su un sistema pi\u00f9 integrato tra organico, Ads e automazione IA.<\/p>\n\n\n\n<p>La consulenza serve a fare ordine, definire cosa ha priorit\u00e0 oggi e scegliere una direzione pi\u00f9 coerente con il tuo business, il tuo posizionamento e i risultati che vuoi ottenere.<\/p>\n<\/div>\n<\/div>\n<\/div>\n<\/div>\n<\/div>\n<\/div>\n\n\n\n<blockquote>\n<h4 style=\"text-align: left;\"><em>30 minuti per fare chiarezza e capire da dove partire\u00a0\u00a0<\/em><\/h4>\n<\/blockquote>\n\n\n\n<div class=\"wp-block-buttons is-content-justification-center is-layout-flex wp-container-core-buttons-is-layout-a89b3969 wp-block-buttons-is-layout-flex\">\n<div class=\"wp-block-button\"><a class=\"wp-block-button__link wp-element-button\" href=\"https:\/\/calendly.com\/garcianorma\/30min\" rel=\"nofollow noopener\" target=\"_blank\">Prenota la tua Consulenza Gratuita<\/a><\/div>\n<\/div>\n<\/div>\n\n\n\n<div class=\"wp-block-group alignfull has-text-color has-background is-layout-flow wp-block-group-is-layout-flow\" style=\"color:#000000;background-color:#ffffff\">\n<h3 class=\"wp-block-heading has-text-align-center\" id=\"schedule-a-visit\" style=\"font-size:clamp(32.969px, 2.061rem + ((1vw - 3.2px) * 2.712), 59px);px\">Come funziona la consulenza strategica Ads e automazione IA.<\/h3>\n<\/div>\n\n\n\n<div class=\"wp-block-columns alignwide is-layout-flex wp-container-core-columns-is-layout-d2da2050 wp-block-columns-is-layout-flex\" style=\"margin-bottom:0\">\n<div class=\"wp-block-column has-text-color has-background has-link-color wp-elements-fa3201dc8589fbd7b8db6851e9e2b873 is-layout-flow wp-block-column-is-layout-flow\" style=\"color:#000000;background-color:#d1d1e1;padding-top:2em;padding-right:2em;padding-bottom:2em;padding-left:2em\">\n<h2 class=\"wp-block-heading\" id=\"family\" style=\"font-size:clamp(24.034px, 1.502rem + ((1vw - 3.2px) * 1.663), 40px);\"><strong><strong>Cosa possiamo analizzare insieme<\/strong><\/strong><\/h2>\n\n\n\n<p class=\"has-normal-font-size\" style=\"line-height:1.5\"><strong><strong>Partiamo da ci\u00f2 che oggi conta di pi\u00f9<\/strong><\/strong><\/p>\n\n\n\n<hr class=\"wp-block-separator has-css-opacity is-style-wide\"\/>\n\n\n\n<ul class=\"wp-block-list has-normal-font-size\">\n<li>Durante la consulenza partiamo dal tuo contesto reale per capire quale leva merita attenzione adesso. In molti casi il focus \u00e8 su LinkedIn, soprattutto per professionisti e attivit\u00e0 B2B che hanno bisogno di un posizionamento pi\u00f9 chiaro, di una presenza pi\u00f9 coerente e di una comunicazione capace di attrarre contatti pi\u00f9 qualificati.<\/li>\n<\/ul>\n\n\n\n<p><\/p>\n\n\n\n<ul class=\"wp-block-list has-normal-font-size\">\n<li>In altri casi ha pi\u00f9 senso lavorare su Google Business Profile, quando la visibilit\u00e0 su Google, la fiducia percepita e la qualit\u00e0 della presenza locale possono fare una differenza concreta. Qui non guardiamo solo il profilo in s\u00e9, ma anche il rapporto tra presenza organica, contenuti, aggiornamenti, recensioni e opportunit\u00e0 di crescita pi\u00f9 strutturate.<\/li>\n<\/ul>\n\n\n\n<p><\/p>\n\n\n\n<ul class=\"wp-block-list has-normal-font-size\">\n<li>Se serve, possiamo anche analizzare quando il traffico a pagamento diventa utile per sostenere la crescita, accelerare la visibilit\u00e0 o portare contatti pi\u00f9 qualificati. L\u2019obiettivo non \u00e8 separare Ads e organico, ma capire come farli lavorare insieme in modo coerente, soprattutto quando Google Business Profile e contenuti possono rafforzare la fiducia e migliorare la presenza complessiva del brand.<\/li>\n<\/ul>\n\n\n\n<p><\/p>\n\n\n\n<ul class=\"wp-block-list has-normal-font-size\">\n<li>Possiamo inoltre osservare dove l\u2019automazione IA pu\u00f2 semplificare il lavoro, rendere i processi pi\u00f9 ordinati e aiutarti nella gestione dei contenuti organici. In alcuni casi \u00e8 possibile automatizzare parti della produzione, organizzazione o distribuzione dei contenuti, cos\u00ec da mantenere una presenza pi\u00f9 costante senza aumentare la dispersione di tempo ed energie.<\/li>\n<\/ul>\n\n\n\n<div class=\"wp-block-buttons alignfull is-horizontal is-content-justification-center is-layout-flex wp-container-core-buttons-is-layout-03627597 wp-block-buttons-is-layout-flex\">\n<div class=\"wp-block-button\"><a class=\"wp-block-button__link wp-element-button\" href=\"https:\/\/calendly.com\/garcianorma\/30min\" rel=\"nofollow noopener\" target=\"_blank\">Prenota la tua Consulenza Gratuita<\/a><\/div>\n<\/div>\n<\/div>\n<\/div>\n\n\n\n<div class=\"wp-block-columns alignwide is-layout-flex wp-container-core-columns-is-layout-d2da2050 wp-block-columns-is-layout-flex\" style=\"margin-bottom:0\">\n<div class=\"wp-block-column has-text-color has-background has-link-color wp-elements-d3ae0e7c4cdf26571212a98908229b86 is-layout-flow wp-block-column-is-layout-flow\" style=\"color:#000000;background-color:#d1d1e1;padding-top:2em;padding-right:2em;padding-bottom:2em;padding-left:2em\">\n<h2 class=\"wp-block-heading\" id=\"family\" style=\"font-size:clamp(24.034px, 1.502rem + ((1vw - 3.2px) * 1.663), 40px);\"><strong><strong><strong>Per chi \u00e8 questa consulenza<\/strong><\/strong><\/strong><\/h2>\n\n\n\n<p class=\"has-normal-font-size\" style=\"line-height:1.5\"><strong>Per chi vuole capire dove intervenire prima.<\/strong><\/p>\n\n\n\n<hr class=\"wp-block-separator has-css-opacity is-style-wide\"\/>\n\n\n\n<ul class=\"wp-block-list has-normal-font-size\">\n<li>Per professionisti, consulenti e attivit\u00e0 B2B che vogliono capire come rafforzare la propria presenza online e quali canali hanno davvero senso per migliorare visibilit\u00e0, posizionamento e qualit\u00e0 dei contatti.\u200b<\/li>\n<\/ul>\n\n\n\n<p><\/p>\n\n\n\n<ul class=\"wp-block-list has-normal-font-size\">\n<li>Per attivit\u00e0 locali che vogliono farsi trovare meglio su Google e dare pi\u00f9 forza alla propria presenza con Google Business Profile, recensioni, aggiornamenti e contenuti utili.<\/li>\n<\/ul>\n\n\n\n<p><\/p>\n\n\n\n<ul class=\"wp-block-list has-normal-font-size\">\n<li>Per chi fatica a pubblicare con continuit\u00e0 e ha bisogno di un modo pi\u00f9 sostenibile per creare, organizzare e mantenere contenuti organici nel tempo.\u200b<\/li>\n<\/ul>\n\n\n\n<p><\/p>\n\n\n\n<ul class=\"wp-block-list has-normal-font-size\">\n<li>Per chi vuole capire se e come l\u2019automazione IA pu\u00f2 aiutare a semplificare processi, ridurre attivit\u00e0 ripetitive e rendere pi\u00f9 costante la gestione dei contenuti.<\/li>\n<\/ul>\n\n\n\n<p><\/p>\n\n\n\n<ul class=\"wp-block-list has-normal-font-size\">\n<li>Per chi sta valutando un investimento in campagne online e contenuti sponsorizzati, e vuole capire dove conviene farlo, come integrarli con l\u2019organico e con quali priorit\u00e0 partire.\u200b<\/li>\n<\/ul>\n\n\n\n<p><\/p>\n\n\n\n<ul class=\"wp-block-list has-normal-font-size\">\n<li>Per chi sente che la propria presenza online non rappresenta ancora bene il valore del lavoro che offre e vuole fare pi\u00f9 chiarezza sul proprio contesto digitale<\/li>\n<\/ul>\n\n\n\n<div class=\"wp-block-group is-content-justification-center is-nowrap is-layout-flex wp-container-core-group-is-layout-23441af8 wp-block-group-is-layout-flex\">\n<div class=\"wp-block-buttons is-layout-flex wp-block-buttons-is-layout-flex\">\n<div class=\"wp-block-button\"><a class=\"wp-block-button__link wp-element-button\" href=\"https:\/\/calendly.com\/garcianorma\/30min\" rel=\"nofollow noopener\" target=\"_blank\">Prenota la tua Consulenza Gratuita<\/a><\/div>\n<\/div>\n<\/div>\n<\/div>\n<\/div>\n\n\n\n<div class=\"wp-block-columns alignwide is-layout-flex wp-container-core-columns-is-layout-d2da2050 wp-block-columns-is-layout-flex\" style=\"margin-bottom:0\">\n<div class=\"wp-block-column has-text-color has-background has-link-color wp-elements-1767083ca2f7ddaf47ee6f8d9063b54d is-layout-flow wp-block-column-is-layout-flow\" style=\"color:#000000;background-color:#d1d1e1;padding-top:2em;padding-right:2em;padding-bottom:2em;padding-left:2em\">\n<h2 class=\"wp-block-heading\" id=\"family\" style=\"font-size:clamp(24.034px, 1.502rem + ((1vw - 3.2px) * 1.663), 40px);\"><strong><strong><strong><strong>Per chi non \u00e8 questa consulenza<\/strong><\/strong><\/strong><\/strong><\/h2>\n\n\n\n<p class=\"has-normal-font-size\" style=\"line-height:1.5\"><strong>Non \u00e8 per chi cerca scorciatoie.<\/strong><\/p>\n\n\n\n<hr class=\"wp-block-separator has-css-opacity is-style-wide\"\/>\n\n\n\n<ul class=\"wp-block-list has-normal-font-size\">\n<li>Non \u00e8 per chi cerca soluzioni immediate senza voler prima analizzare il proprio contesto, le priorit\u00e0 e ci\u00f2 che oggi ha davvero senso fare.\u200b<\/li>\n<\/ul>\n\n\n\n<p><\/p>\n\n\n\n<ul class=\"wp-block-list has-normal-font-size\">\n<li>Non \u00e8 per chi vuole fare Ads, contenuti sponsorizzati o presenza sui social senza una strategia chiara e senza la disponibilit\u00e0 a investire quando serve davvero.\u200b<\/li>\n<\/ul>\n\n\n\n<p><\/p>\n\n\n\n<ul class=\"wp-block-list has-normal-font-size\">\n<li>Non \u00e8 per chi pensa che l\u2019automazione IA possa sostituire completamente strategia, organizzazione, costanza e decisioni operative.\u200b<\/li>\n<\/ul>\n\n\n\n<p><\/p>\n\n\n\n<ul class=\"wp-block-list has-normal-font-size\">\n<li>Non \u00e8 per chi non vuole collaborare nel processo, fornire il materiale necessario o partecipare ai momenti di follow-up e confronto strategico.<\/li>\n<\/ul>\n\n\n\n<p><\/p>\n\n\n\n<ul class=\"wp-block-list has-normal-font-size\">\n<li>Non \u00e8 per chi non \u00e8 disposto a dedicare anche piccoli spazi di allineamento, come una riunione di follow-up di circa 30 minuti ogni 15 giorni, quando il progetto lo richiede.<\/li>\n<\/ul>\n\n\n\n<p><\/p>\n\n\n\n<ul class=\"wp-block-list has-normal-font-size\">\n<li>Non \u00e8 per chi genera contatti ma non risponde, non richiama o non ha un processo chiaro per accoglierli, perch\u00e9 in quel caso si perdono opportunit\u00e0 e il problema non \u00e8 la strategia.<\/li>\n<\/ul>\n\n\n\n<div class=\"wp-block-buttons alignfull is-horizontal is-content-justification-center is-layout-flex wp-container-core-buttons-is-layout-03627597 wp-block-buttons-is-layout-flex\">\n<div class=\"wp-block-button\"><a class=\"wp-block-button__link wp-element-button\" href=\"https:\/\/calendly.com\/garcianorma\/30min\" rel=\"nofollow noopener\" target=\"_blank\">Prenota la tua Consulenza Gratuita<\/a><\/div>\n<\/div>\n<\/div>\n<\/div>\n\n\n\n<div class=\"wp-block-group alignfull is-style-default has-tertiary-background-color has-background has-global-padding is-layout-constrained wp-block-group-is-layout-constrained\" id=\"contato\" style=\"margin-top:0;margin-bottom:0;padding-top:var(--wp--preset--spacing--70);padding-bottom:var(--wp--preset--spacing--70)\">\n<div class=\"wp-block-cover alignwide\"><img loading=\"lazy\" decoding=\"async\" width=\"1264\" height=\"842\" class=\"wp-block-cover__image-background wp-image-975 size-full\" alt=\"Consulenza Strategica Ads e Automazione AI\" src=\"https:\/\/normagarcia.it\/wp-content\/uploads\/2026\/03\/norma-garcia-automazione-intelligenza-artificiale.png\" data-object-fit=\"cover\" srcset=\"https:\/\/normagarcia.it\/wp-content\/uploads\/2026\/03\/norma-garcia-automazione-intelligenza-artificiale.png 1264w, https:\/\/normagarcia.it\/wp-content\/uploads\/2026\/03\/norma-garcia-automazione-intelligenza-artificiale-300x200.png 300w, https:\/\/normagarcia.it\/wp-content\/uploads\/2026\/03\/norma-garcia-automazione-intelligenza-artificiale-1024x682.png 1024w, https:\/\/normagarcia.it\/wp-content\/uploads\/2026\/03\/norma-garcia-automazione-intelligenza-artificiale-768x512.png 768w, https:\/\/normagarcia.it\/wp-content\/uploads\/2026\/03\/norma-garcia-automazione-intelligenza-artificiale-18x12.png 18w\" sizes=\"auto, (max-width: 1264px) 100vw, 1264px\" \/><span aria-hidden=\"true\" class=\"wp-block-cover__background has-background-dim\" style=\"background-color:#646591\"><\/span><div class=\"wp-block-cover__inner-container is-layout-flow wp-block-cover-is-layout-flow\">\n<div class=\"wp-block-group has-global-padding is-layout-constrained wp-block-group-is-layout-constrained\">\n<div class=\"wp-block-columns is-layout-flex wp-container-core-columns-is-layout-28f84493 wp-block-columns-is-layout-flex\">\n<div class=\"wp-block-column is-layout-flow wp-block-column-is-layout-flow\" style=\"flex-basis:100%\">\n<blockquote class=\"wp-block-quote is-layout-flow wp-block-quote-is-layout-flow\">\n<pre class=\"wp-block-preformatted has-large-font-size\"><strong>30 minuti per capire da dove partire, con pi\u00f9 chiarezza e meno dispersione.<\/strong><\/pre>\n<\/blockquote>\n<\/div>\n<\/div>\n<\/div>\n<\/div><\/div>\n<\/div>\n\n\n\n<div class=\"wp-block-group alignfull has-text-color has-background is-layout-flow wp-block-group-is-layout-flow\" style=\"color:#000000;background-color:#ffffff\">\n<h3 class=\"wp-block-heading has-text-align-center\" id=\"schedule-a-visit\" style=\"font-size:clamp(32.969px, 2.061rem + ((1vw - 3.2px) * 2.712), 59px);px\"><strong>Prenota il tuo confronto strategico<\/strong><\/h3>\n\n\n\n<p class=\"has-text-align-center has-small-font-size\" style=\"line-height:.9\"><strong><strong><strong><strong>Scegli il tuo orario e analizziamo insieme dove intervenire prima<\/strong><\/strong><\/strong><\/strong><\/p>\n\n\n\n<div class=\"wp-block-buttons is-horizontal is-content-justification-center is-layout-flex wp-container-core-buttons-is-layout-03627597 wp-block-buttons-is-layout-flex\">\n<div class=\"wp-block-button\"><a class=\"wp-block-button__link wp-element-button\" href=\"https:\/\/calendly.com\/garcianorma\/30min\" rel=\"nofollow noopener\" target=\"_blank\">Prenota la tua Consulenza Gratuita<\/a><\/div>\n<\/div>\n\n\n\n<div style=\"height:64px\" aria-hidden=\"true\" class=\"wp-block-spacer\"><\/div>\n<\/div>\n\n\n\n<p><\/p>","protected":false},"excerpt":{"rendered":"<p>Consulenza Strategica Ads e Automazione IA Un confronto chiaro per capire dove intervenire prima Prenota una Consulenza Strategica su Ads e Automazione IA, Google Business Profile e analisi dati per capire dove intervenire prima. Analisi Prima della consulenza osservo il tuo profilo e il tuo contesto per capire dove ha pi\u00f9 senso intervenire: LinkedIn, Google [&hellip;]<\/p>\n","protected":false},"author":3,"featured_media":617,"parent":0,"menu_order":3,"comment_status":"closed","ping_status":"closed","template":"page-with-title","meta":{"footnotes":""},"class_list":["post-20","page","type-page","status-publish","has-post-thumbnail","hentry"],"_links":{"self":[{"href":"https:\/\/normagarcia.it\/pt\/wp-json\/wp\/v2\/pages\/20","targetHints":{"allow":["GET"]}}],"collection":[{"href":"https:\/\/normagarcia.it\/pt\/wp-json\/wp\/v2\/pages"}],"about":[{"href":"https:\/\/normagarcia.it\/pt\/wp-json\/wp\/v2\/types\/page"}],"author":[{"embeddable":true,"href":"https:\/\/normagarcia.it\/pt\/wp-json\/wp\/v2\/users\/3"}],"replies":[{"embeddable":true,"href":"https:\/\/normagarcia.it\/pt\/wp-json\/wp\/v2\/comments?post=20"}],"version-history":[{"count":110,"href":"https:\/\/normagarcia.it\/pt\/wp-json\/wp\/v2\/pages\/20\/revisions"}],"predecessor-version":[{"id":1122,"href":"https:\/\/normagarcia.it\/pt\/wp-json\/wp\/v2\/pages\/20\/revisions\/1122"}],"wp:featuredmedia":[{"embeddable":true,"href":"https:\/\/normagarcia.it\/pt\/wp-json\/wp\/v2\/media\/617"}],"wp:attachment":[{"href":"https:\/\/normagarcia.it\/pt\/wp-json\/wp\/v2\/media?parent=20"}],"curies":[{"name":"wp","href":"https:\/\/api.w.org\/{rel}","templated":true}]}}