{"id":18,"date":"2026-02-20T15:58:09","date_gmt":"2026-02-20T15:58:09","guid":{"rendered":"https:\/\/normagarcia.it\/servicos\/"},"modified":"2026-04-26T19:55:12","modified_gmt":"2026-04-26T19:55:12","slug":"servizi","status":"publish","type":"page","link":"https:\/\/normagarcia.it\/pt\/","title":{"rendered":"Servi\u00e7os"},"content":{"rendered":"<div class=\"wp-block-group alignfull has-text-color has-background is-layout-flow wp-block-group-is-layout-flow\" style=\"color:#000000;background-color:#ffffff\">\n<h3 class=\"wp-block-heading has-text-align-center has-small-font-size\">RAGGIUNGE TUTTI I TUOI OBIETTIVI IN UN UNICO POSTO.<\/h3>\n\n\n\n<h2 class=\"wp-block-heading has-text-align-center\" id=\"schedule-a-visit\" style=\"font-size:clamp(32.969px, 2.061rem + ((1vw - 3.2px) * 2.712), 59px);px;line-height:1.15\"><strong>Strategia Ads con Automazione IA<\/strong><\/h2>\n\n\n\n<div class=\"wp-block-buttons is-horizontal is-content-justification-center is-layout-flex wp-container-core-buttons-is-layout-03627597 wp-block-buttons-is-layout-flex\">\n<div class=\"wp-block-button has-custom-width wp-block-button__width-50\"><a class=\"wp-block-button__link has-text-color has-background wp-element-button\" href=\"https:\/\/normagarcia.it\/pt\/consulenza\/\" style=\"border-radius:50px;color:#ffffff;background-color:#000000\" target=\"_blank\" rel=\"noreferrer noopener\">Contattaci<\/a><\/div>\n<\/div>\n<\/div>\n\n\n<h2>Genera pi\u00f9 lead e aumenta le conversioni.<\/h2>\n<h4>Genera nuovi lead, aumenta le conversioni e tieni tutto sotto controllo con Google Ads.<\/h4>\n\n\n<div class=\"wp-block-columns alignwide is-layout-flex wp-container-core-columns-is-layout-d2da2050 wp-block-columns-is-layout-flex\" style=\"margin-bottom:0\">\n<div class=\"wp-block-column has-text-color has-background has-link-color wp-elements-05a75c6b8352081a6e503b9cb9b3643a is-layout-flow wp-block-column-is-layout-flow\" style=\"color:#000000;background-color:#d1d1e1;padding-top:2em;padding-right:2em;padding-bottom:2em;padding-left:2em\">\n<h2 class=\"wp-block-heading\" id=\"family\" style=\"font-size:clamp(24.034px, 1.502rem + ((1vw - 3.2px) * 1.663), 40px);\"><strong>Google         Business Profile<\/strong><\/h2>\n\n\n\n<p class=\"has-normal-font-size\" style=\"line-height:1.5\"><strong><strong>Fatti trovare dove inizia la ricerca dei tuoi clienti<\/strong><\/strong><\/p>\n\n\n\n<hr class=\"wp-block-separator has-css-opacity is-style-wide\"\/>\n\n\n\n<ul class=\"wp-block-list has-normal-font-size\">\n<li>Costruiamo o ottimizziamo il tuo<strong> Profilo di Attivit\u00e0 Google <\/strong>per trasformare la tua presenza su Google in una leva concreta di fiducia, recensioni, contatti e visibilit\u00e0 organica.<\/li>\n\n\n\n<li>Profilo completo, aggiornamenti, recensioni e contenuti utili aiutano il tuo brand a essere pi\u00f9 chiaro per le persone e pi\u00f9 autorevole online.<\/li>\n<\/ul>\n\n\n\n<div class=\"wp-block-buttons alignfull is-horizontal is-content-justification-center is-layout-flex wp-container-core-buttons-is-layout-03627597 wp-block-buttons-is-layout-flex\">\n<div class=\"wp-block-button has-custom-width wp-block-button__width-100 is-style-fill\"><a class=\"wp-block-button__link has-white-color has-text-color has-background no-border-radius wp-element-button\" href=\"https:\/\/normagarcia.it\/pt\/servizi-google-business-profile-seo-locale\/\" style=\"background-color:#000000\" target=\"_blank\" rel=\"noreferrer noopener\">Dettagli Servizio<\/a><\/div>\n<\/div>\n<\/div>\n\n\n\n<div class=\"wp-block-column has-text-color has-background has-link-color wp-elements-f6a4318aa711deb1bd5f8c788e0bb3a3 is-layout-flow wp-block-column-is-layout-flow\" style=\"color:#000000;background-color:#d1d1e1;padding-top:2em;padding-right:2em;padding-bottom:2em;padding-left:2em\">\n<h2 class=\"wp-block-heading\" id=\"family\" style=\"font-size:clamp(24.034px, 1.502rem + ((1vw - 3.2px) * 1.663), 40px);\"><strong><strong>Estrat\u00e9gia Ads &amp; IA<\/strong><\/strong><\/h2>\n\n\n\n<p class=\"has-normal-font-size\" style=\"line-height:1.5\"><strong><strong><strong><strong>Dai forma a un brand pi\u00f9 coerente, veloce e presente<\/strong><\/strong><\/strong><\/strong><\/p>\n\n\n\n<hr class=\"wp-block-separator has-css-opacity is-style-wide\"\/>\n\n\n\n<ul class=\"wp-block-list has-normal-font-size\">\n<li>Creiamo e ottimizziamo <strong>campagne Google e Meta Ads <\/strong>con il supporto dell\u2019intelligenza artificiale, adattando strategia, messaggi e budget ai tuoi obiettivi reali.<\/li>\n\n\n\n<li>Ogni investimento viene seguito con attenzione per attirare contatti pi\u00f9 qualificati, ridurre gli sprechi e migliorare le performance.<\/li>\n<\/ul>\n\n\n\n<div class=\"wp-block-buttons alignfull is-horizontal is-content-justification-center is-layout-flex wp-container-core-buttons-is-layout-03627597 wp-block-buttons-is-layout-flex\">\n<div class=\"wp-block-button has-custom-width wp-block-button__width-100 is-style-fill\"><a class=\"wp-block-button__link has-white-color has-text-color has-background no-border-radius wp-element-button\" href=\"https:\/\/normagarcia.it\/pt\/servizi-campagne-ads-strategia-ia-agente-umanizzato\/\" style=\"background-color:#000000\" target=\"_blank\" rel=\"noreferrer noopener\">Scopri ora<\/a><\/div>\n<\/div>\n<\/div>\n\n\n\n<div class=\"wp-block-column has-text-color has-background has-link-color wp-elements-698cb2a475a4376d7077452a3ce003a4 is-layout-flow wp-block-column-is-layout-flow\" style=\"color:#000000;background-color:#d1d1e1;padding-top:2em;padding-right:2em;padding-bottom:2em;padding-left:2em\">\n<h2 class=\"wp-block-heading\" id=\"family\" style=\"font-size:clamp(24.034px, 1.502rem + ((1vw - 3.2px) * 1.663), 40px);\"><strong>Automazione con IA<\/strong><\/h2>\n\n\n\n<p class=\"has-normal-font-size\" style=\"line-height:1.5\"><strong>Pi\u00f9 strategia nelle&nbsp;campagne digitali orientate ai risultati<\/strong><\/p>\n\n\n\n<hr class=\"wp-block-separator has-css-opacity is-style-wide\"\/>\n\n\n\n<ul class=\"wp-block-list has-normal-font-size\">\n<li>Progettiamo <strong>automazioni con agenti di IA<\/strong> su misura per organizzare contenuti, semplificare attivit\u00e0 ripetitive e migliorare la relazione con il tuo pubblico sui social.<\/li>\n\n\n\n<li>Ogni flusso \u00e8 costruito nel rispetto della voce del brand, dei suoi valori e dei suoi obiettivi, cos\u00ec da rendere il lavoro pi\u00f9 rapido, ordinato e sostenibile nel tempo.<\/li>\n<\/ul>\n\n\n\n<div class=\"wp-block-buttons alignfull is-horizontal is-content-justification-center is-layout-flex wp-container-core-buttons-is-layout-03627597 wp-block-buttons-is-layout-flex\">\n<div class=\"wp-block-button has-custom-width wp-block-button__width-100 is-style-fill\"><a class=\"wp-block-button__link has-white-color has-text-color has-background no-border-radius wp-element-button\" href=\"https:\/\/normagarcia.it\/pt\/servizi-automazione-con-agenti-ia\/\" style=\"background-color:#000000\" target=\"_blank\" rel=\"noreferrer noopener\">Scopri l&#8217;Automazione<\/a><\/div>\n<\/div>\n<\/div>\n<\/div>\n\n\n\n<div class=\"wp-block-group alignfull has-text-color has-background is-layout-flow wp-block-group-is-layout-flow\" style=\"color:#000000;background-color:#ffffff\">\n<p class=\"has-text-align-center\"><strong>Scoprire ci\u00f2 che conta di pi\u00f9 per la tua attivit\u00e0 per consentirti di scegliere soluzioni che producano risultati.<\/strong><\/p>\n\n\n\n<h2 class=\"wp-block-heading has-text-align-center\" id=\"schedule-a-visit\" style=\"font-size:clamp(32.969px, 2.061rem + ((1vw - 3.2px) * 2.712), 59px);px;line-height:1.15\"><strong>Strategia Ads con Agente IA <\/strong><\/h2>\n\n\n\n<h2 class=\"wp-block-heading has-text-align-center\" id=\"schedule-a-visit\"><strong>Genera lead di alta qualit\u00e0 su larga scala<\/strong>.<\/h2>\n\n\n\n<div class=\"wp-block-buttons is-horizontal is-content-justification-center is-layout-flex wp-container-core-buttons-is-layout-03627597 wp-block-buttons-is-layout-flex\">\n<div class=\"wp-block-button has-custom-width wp-block-button__width-50\"><a class=\"wp-block-button__link has-text-color has-background wp-element-button\" href=\"https:\/\/normagarcia.it\/pt\/consulenza\/\" style=\"border-radius:50px;color:#ffffff;background-color:#000000\" target=\"_blank\" rel=\"noreferrer noopener\">Contattaci ora<\/a><\/div>\n<\/div>\n<\/div>\n\n\n\n<h2 class=\"wp-block-heading\">La tua crescita digitale merita una struttura migliore<\/h2>\n\n\n\n<figure class=\"wp-block-image size-large\"><img loading=\"lazy\" decoding=\"async\" width=\"1024\" height=\"572\" src=\"https:\/\/normagarcia.it\/wp-content\/uploads\/2026\/03\/immagine-4-ecossistema-1024x572.png\" alt=\"servizi\" class=\"wp-image-1349\" srcset=\"https:\/\/normagarcia.it\/wp-content\/uploads\/2026\/03\/immagine-4-ecossistema-1024x572.png 1024w, https:\/\/normagarcia.it\/wp-content\/uploads\/2026\/03\/immagine-4-ecossistema-300x167.png 300w, https:\/\/normagarcia.it\/wp-content\/uploads\/2026\/03\/immagine-4-ecossistema-768x429.png 768w, https:\/\/normagarcia.it\/wp-content\/uploads\/2026\/03\/immagine-4-ecossistema-18x10.png 18w, https:\/\/normagarcia.it\/wp-content\/uploads\/2026\/03\/immagine-4-ecossistema.png 1376w\" sizes=\"auto, (max-width: 1024px) 100vw, 1024px\" \/><\/figure>\n\n\n\n<div class=\"wp-block-group alignfull has-text-color has-background is-layout-flow wp-block-group-is-layout-flow\" style=\"color:#000000;background-color:#ffffff\">\n<h3 class=\"wp-block-heading has-text-align-center has-small-font-size\">30 MINUTI PER FARE CHIAREZZA E CAPIRE DA DOVE PARTIRE&nbsp;&nbsp;<\/h3>\n\n\n\n<h2 class=\"wp-block-heading has-text-align-center\" id=\"schedule-a-visit\" style=\"font-size:clamp(32.969px, 2.061rem + ((1vw - 3.2px) * 2.712), 59px);px;line-height:1.15\"><strong>Prenota la tua Consulenza Gratuita<\/strong><\/h2>\n\n\n\n<div class=\"wp-block-buttons is-horizontal is-content-justification-center is-layout-flex wp-container-core-buttons-is-layout-03627597 wp-block-buttons-is-layout-flex\">\n<div class=\"wp-block-button has-custom-width wp-block-button__width-50\"><a class=\"wp-block-button__link has-text-color has-background wp-element-button\" href=\"https:\/\/normagarcia.it\/pt\/consulenza\/\" style=\"border-radius:50px;color:#ffffff;background-color:#000000\" target=\"_blank\" rel=\"noreferrer noopener\">Contattaci<\/a><\/div>\n<\/div>\n<\/div>","protected":false},"excerpt":{"rendered":"<p>RAGGIUNGE TUTTI I TUOI OBIETTIVI IN UN UNICO POSTO. Strategia Ads con Automazione IA Genera pi\u00f9 lead e aumenta le conversioni. Genera nuovi lead, aumenta le conversioni e tieni tutto sotto controllo con Google Ads. Google Business Profile Fatti trovare dove inizia la ricerca dei tuoi clienti Strategia Ads &amp; IA Dai forma a un [&hellip;]<\/p>\n","protected":false},"author":3,"featured_media":1129,"parent":0,"menu_order":1,"comment_status":"closed","ping_status":"closed","template":"page-with-title","meta":{"footnotes":""},"class_list":["post-18","page","type-page","status-publish","has-post-thumbnail","hentry"],"_links":{"self":[{"href":"https:\/\/normagarcia.it\/pt\/wp-json\/wp\/v2\/pages\/18","targetHints":{"allow":["GET"]}}],"collection":[{"href":"https:\/\/normagarcia.it\/pt\/wp-json\/wp\/v2\/pages"}],"about":[{"href":"https:\/\/normagarcia.it\/pt\/wp-json\/wp\/v2\/types\/page"}],"author":[{"embeddable":true,"href":"https:\/\/normagarcia.it\/pt\/wp-json\/wp\/v2\/users\/3"}],"replies":[{"embeddable":true,"href":"https:\/\/normagarcia.it\/pt\/wp-json\/wp\/v2\/comments?post=18"}],"version-history":[{"count":166,"href":"https:\/\/normagarcia.it\/pt\/wp-json\/wp\/v2\/pages\/18\/revisions"}],"predecessor-version":[{"id":2284,"href":"https:\/\/normagarcia.it\/pt\/wp-json\/wp\/v2\/pages\/18\/revisions\/2284"}],"wp:featuredmedia":[{"embeddable":true,"href":"https:\/\/normagarcia.it\/pt\/wp-json\/wp\/v2\/media\/1129"}],"wp:attachment":[{"href":"https:\/\/normagarcia.it\/pt\/wp-json\/wp\/v2\/media?parent=18"}],"curies":[{"name":"wp","href":"https:\/\/api.w.org\/{rel}","templated":true}]}}