{"id":1723,"date":"2026-04-12T06:29:02","date_gmt":"2026-04-12T06:29:02","guid":{"rendered":"https:\/\/normagarcia.it\/?page_id=1723"},"modified":"2026-04-26T19:33:49","modified_gmt":"2026-04-26T19:33:49","slug":"servizi-campagne-ads-strategia-ia-agente-umanizzato","status":"publish","type":"page","link":"https:\/\/normagarcia.it\/pt\/servizi-campagne-ads-strategia-ia-agente-umanizzato\/","title":{"rendered":"Campagne Ads e Strategia IA"},"content":{"rendered":"<h1>Aumenta le vendite con Google e Meta Ads<\/h1>\n\n\n<div class=\"wp-block-group alignfull has-text-color has-background is-layout-flow wp-block-group-is-layout-flow\" style=\"color:#000000;background-color:#ffffff\">\n<h3 style=\"text-align: center;\">Prenota una consulenza gratuita che ti aiuto a scoprire ci\u00f2 che conta di pi\u00f9 per la tua attivit\u00e0 per consentirti di scegliere soluzioni che producano risultati.<\/h3>\n\n\n\n<p class=\"has-text-align-center has-small-font-size\" style=\"line-height:.9\"><strong>Usufruisci di un servizio gratuito di consulenza individuale.<\/strong><\/p>\n\n\n\n<h2 class=\"wp-block-heading has-text-align-center\" id=\"schedule-a-visit\" style=\"font-size:clamp(32.969px, 2.061rem + ((1vw - 3.2px) * 2.712), 59px);px;line-height:1.15\"><strong>Crea un piano pubblicitario personalizzato con un esperto Google Ads.<\/strong><\/h2>\n\n\n\n<div class=\"wp-block-buttons is-horizontal is-content-justification-center is-layout-flex wp-container-core-buttons-is-layout-03627597 wp-block-buttons-is-layout-flex\">\n<div class=\"wp-block-button has-custom-width wp-block-button__width-50\"><a class=\"wp-block-button__link has-text-color has-background wp-element-button\" href=\"https:\/\/normagarcia.it\/pt\/consulenza\/\" style=\"border-radius:50px;color:#ffffff;background-color:#000000\" target=\"_blank\" rel=\"noreferrer noopener\">Contattaci <\/a><\/div>\n<\/div>\n\n\n\n<div style=\"height:64px\" aria-hidden=\"true\" class=\"wp-block-spacer\"><\/div>\n<\/div>\n\n\n\n<figure class=\"wp-block-image size-large\"><img loading=\"lazy\" decoding=\"async\" width=\"1024\" height=\"572\" src=\"https:\/\/normagarcia.it\/wp-content\/uploads\/2026\/03\/strategia-google-meta-ads-ia-norma-garcia-intelligenza-artificiale-1024x572.png\" alt=\"Strategia Google Ads e Meta Ads con intelligenza artificiale per acquisire contatti qualificati\" class=\"wp-image-1135\" srcset=\"https:\/\/normagarcia.it\/wp-content\/uploads\/2026\/03\/strategia-google-meta-ads-ia-norma-garcia-intelligenza-artificiale-1024x572.png 1024w, https:\/\/normagarcia.it\/wp-content\/uploads\/2026\/03\/strategia-google-meta-ads-ia-norma-garcia-intelligenza-artificiale-300x167.png 300w, https:\/\/normagarcia.it\/wp-content\/uploads\/2026\/03\/strategia-google-meta-ads-ia-norma-garcia-intelligenza-artificiale-768x429.png 768w, https:\/\/normagarcia.it\/wp-content\/uploads\/2026\/03\/strategia-google-meta-ads-ia-norma-garcia-intelligenza-artificiale-18x10.png 18w, https:\/\/normagarcia.it\/wp-content\/uploads\/2026\/03\/strategia-google-meta-ads-ia-norma-garcia-intelligenza-artificiale.png 1376w\" sizes=\"auto, (max-width: 1024px) 100vw, 1024px\" \/><\/figure>\n\n\n<h2>Raggiungi tutti i tuoi obiettivi in un unico posto<\/h2>\n<h4>Campagne Ads e Strategia IA Strategia nelle campagne ads orientate ai risultati.<\/h4>\n<p>Indipendentemente da quali siano i tuoi principali obiettivi, consenti ai potenziali clienti di trovare la tua attivit\u00e0 pi\u00f9 facilmente con Google Ads.<\/p>\n<p>Creiamo e ottimizziamo campagne Ads e strategia IA con agente umanizzati per la tua attivit\u00e0 su Google e Meta.\u00a0<\/p>\n<p>Usiamo Ads con il supporto dell\u2019intelligenza artificiale, adattando strategia, messaggi e budget ai tuoi obiettivi reali.<\/p>\n<p>Ogni investimento sulle Campagne Ads viene seguito con attenzione per attirare contatti pi\u00f9 qualificati, ridurre gli sprechi e migliorare le performance.<\/p>\n<h2>Campagne Google e Meta\u00a0 Ads ti offre molti modi per farti notare<\/h2>\n\n\n<div class=\"wp-block-columns alignwide is-layout-flex wp-container-core-columns-is-layout-d2da2050 wp-block-columns-is-layout-flex\" style=\"margin-bottom:0\">\n<div class=\"wp-block-column has-text-color has-background has-link-color wp-elements-0f1c6455225dc9a1cda73dd5aa3dfc3e is-layout-flow wp-block-column-is-layout-flow\" style=\"color:#000000;background-color:#d1d1e1;padding-top:2em;padding-right:2em;padding-bottom:2em;padding-left:2em\">\n<h2 class=\"wp-block-heading\" id=\"family\" style=\"font-size:clamp(24.034px, 1.502rem + ((1vw - 3.2px) * 1.663), 40px);\"><strong>Raggiungi i clienti ovunque siano<\/strong><\/h2>\n\n\n\n<p class=\"has-normal-font-size\" style=\"line-height:1.5\"><strong>L\u2019AI di Google pu\u00f2 individuare i formati degli annunci migliori per massimizzare le conversioni su YouTube, Discover, Ricerca e altro ancora.<\/strong><\/p>\n\n\n\n<hr class=\"wp-block-separator has-css-opacity is-style-wide\"\/>\n\n\n\n<ul class=\"wp-block-list has-normal-font-size\">\n<li><strong>Incrementa le visite nei punti vendita<\/strong>.<\/li>\n\n\n\n<li>Attira le persone in negozio e aumenta le vendite offline.<\/li>\n\n\n\n<li><strong>Fai conoscere la tua app a nuovi utenti <\/strong>.<\/li>\n\n\n\n<li>Fai conoscere il tuo prodotto agli utenti giusti per aumentare le vendite.<\/li>\n<\/ul>\n<\/div>\n\n\n\n<div class=\"wp-block-column has-text-color has-background has-link-color wp-elements-dfb06b4c8d2d04397744fa8e41df7def is-layout-flow wp-block-column-is-layout-flow\" style=\"color:#000000;background-color:#d1d1e1;padding-top:2em;padding-right:2em;padding-bottom:2em;padding-left:2em\">\n<h2 class=\"wp-block-heading\" id=\"family\" style=\"font-size:clamp(24.034px, 1.502rem + ((1vw - 3.2px) * 1.663), 40px);\"><strong>Monitora, impara e ottimizza il ROI<\/strong><\/h2>\n\n\n\n<p class=\"has-normal-font-size\" style=\"line-height:1.5\"><strong>Monitora le conversioni e ottieni dati unici sul pubblico. L\u2019automazione Google ottimizza i budget per acquisire clienti con il ROI massimo.<\/strong><\/p>\n\n\n\n<hr class=\"wp-block-separator has-css-opacity is-style-wide\"\/>\n\n\n\n<ul class=\"wp-block-list has-normal-font-size\">\n<li><strong>Massimizza i lead e le conversioni <\/strong>.<\/li>\n\n\n\n<li>Genera lead di maggiore qualit\u00e0 e migliora le conversioni.<\/li>\n\n\n\n<li><strong>Aumenta le vendite con Google e Meta Ads<\/strong><\/li>\n\n\n\n<li>Consenti ai potenziali clienti di trovare la tua attivit\u00e0 pi\u00f9 facilmente.<\/li>\n<\/ul>\n<\/div>\n\n\n\n<div class=\"wp-block-column has-text-color has-background has-link-color wp-elements-88649dcfaef33cb049dc32a0e2b71377 is-layout-flow wp-block-column-is-layout-flow\" style=\"color:#000000;background-color:#d1d1e1;padding-top:2em;padding-right:2em;padding-bottom:2em;padding-left:2em\">\n<h2 class=\"wp-block-heading\" id=\"family\" style=\"font-size:clamp(24.034px, 1.502rem + ((1vw - 3.2px) * 1.663), 40px);\"><strong>Tieni sotto controllo il budget<\/strong><\/h2>\n\n\n\n<p class=\"has-normal-font-size\" style=\"line-height:1.5\"><strong>Ricevi consigli, decidi il budget mensile e modificalo quando vuoi. Misura i risultati e ottimizza la spesa pubblicitaria con la tecnologia Google e Meta.<\/strong><\/p>\n\n\n\n<hr class=\"wp-block-separator has-css-opacity is-style-wide\"\/>\n\n\n\n<ul class=\"wp-block-list has-normal-font-size\">\n<li><strong>Aumenta le vendite online <\/strong><\/li>\n\n\n\n<li>Fatti trovare dagli acquirenti e incrementa il traffico e le vendite sul sito.<\/li>\n\n\n\n<li><strong>Aumenta la visibilit\u00e0 del tuo brand.<\/strong><\/li>\n\n\n\n<li>Fai conoscere il tuo brand per aumentare la copertura e il coinvolgimento.<\/li>\n<\/ul>\n<\/div>\n<\/div>\n\n\n<h2>La forza di Campagne Ads Google e Meta al tuo servizio<\/h2>\n\n\n<div class=\"wp-block-columns alignwide is-layout-flex wp-container-core-columns-is-layout-d2da2050 wp-block-columns-is-layout-flex\" style=\"margin-bottom:0\">\n<div class=\"wp-block-column has-text-color has-background has-link-color wp-elements-b1b6825ae5644792e1542e577984b2be is-layout-flow wp-block-column-is-layout-flow\" style=\"color:#000000;background-color:#d1d1e1;padding-top:2em;padding-right:2em;padding-bottom:2em;padding-left:2em\">\n<h2 class=\"wp-block-heading\" id=\"family\" style=\"font-size:clamp(24.034px, 1.502rem + ((1vw - 3.2px) * 1.663), 40px);\"><strong>Ricerca<\/strong><\/h2>\n\n\n\n<p class=\"has-normal-font-size\" style=\"line-height:1.5\"><strong>Inizia con la rete di ricerca<\/strong><\/p>\n\n\n\n<hr class=\"wp-block-separator has-css-opacity is-style-wide\"\/>\n\n\n\n<p>Contribuisci ad aumentare le vendite, i lead o il traffico sul sito facendo notare la tua attivit\u00e0 a persone che cercano attivamente su Google i prodotti e servizi che offri.<\/p>\n<\/div>\n\n\n\n<div class=\"wp-block-column has-text-color has-background has-link-color wp-elements-3ba6805c8865c6530781b888c259bc0a is-layout-flow wp-block-column-is-layout-flow\" style=\"color:#000000;background-color:#d1d1e1;padding-top:2em;padding-right:2em;padding-bottom:2em;padding-left:2em\">\n<h2 class=\"wp-block-heading\" id=\"family\" style=\"font-size:clamp(24.034px, 1.502rem + ((1vw - 3.2px) * 1.663), 40px);\"><strong>Display<\/strong><\/h2>\n\n\n\n<p class=\"has-normal-font-size\" style=\"line-height:1.5\"><strong>Attira l\u2019attenzione<\/strong><\/p>\n\n\n\n<hr class=\"wp-block-separator has-css-opacity is-style-wide\"\/>\n\n\n\n<p>Conquista notoriet\u00e0 e stima con annunci memorabili e visivamente accattivanti che raggiungono il tuo pubblico quando \u00e8 online, controlla Gmail o utilizza app mobile.<\/p>\n<\/div>\n\n\n\n<div class=\"wp-block-column has-text-color has-background has-link-color wp-elements-28431b206fa5a14d1f86968b19959b9b is-layout-flow wp-block-column-is-layout-flow\" style=\"color:#000000;background-color:#d1d1e1;padding-top:2em;padding-right:2em;padding-bottom:2em;padding-left:2em\">\n<h2 class=\"wp-block-heading\" id=\"family\" style=\"font-size:clamp(24.034px, 1.502rem + ((1vw - 3.2px) * 1.663), 40px);\"><strong>Shop <\/strong><\/h2>\n\n\n\n<p class=\"has-normal-font-size\" style=\"line-height:1.5\"><strong>Offri i tuoi prodotti<\/strong><\/p>\n\n\n\n<hr class=\"wp-block-separator has-css-opacity is-style-wide\"\/>\n\n\n\n<p>Utilizza schede di prodotto visivamente accattivanti per farti notare quando gli utenti fanno acquisti e fai sapere loro quali prodotti sono disponibili per aumentare le vendite.<\/p>\n<\/div>\n\n\n\n<div class=\"wp-block-column has-text-color has-background has-link-color wp-elements-3f153e56166f6098170850dabd46f336 is-layout-flow wp-block-column-is-layout-flow\" style=\"color:#000000;background-color:#d1d1e1;padding-top:2em;padding-right:2em;padding-bottom:2em;padding-left:2em\">\n<h2 class=\"wp-block-heading\" id=\"family\" style=\"font-size:clamp(24.034px, 1.502rem + ((1vw - 3.2px) * 1.663), 40px);\"><strong>Video<\/strong><\/h2>\n\n\n\n<p class=\"has-normal-font-size\" style=\"line-height:1.5\"><strong><strong>Racconta la storia del tuo brand <\/strong>con video<\/strong><\/p>\n\n\n\n<hr class=\"wp-block-separator has-css-opacity is-style-wide\"\/>\n\n\n\n<p>Aumenta la notoriet\u00e0 del tuo brand, rimani in contatto con gli utenti che hanno visualizzato gli annunci in precedenza e raggiungi potenziali clienti mentre guardano o cercano video su YouTube..<\/p>\n<\/div>\n\n\n\n<div class=\"wp-block-column has-text-color has-background has-link-color wp-elements-8283223047e1e688d7d766c1557b5f7b is-layout-flow wp-block-column-is-layout-flow\" style=\"color:#000000;background-color:#d1d1e1;padding-top:2em;padding-right:2em;padding-bottom:2em;padding-left:2em\">\n<h2 class=\"wp-block-heading\" id=\"family\" style=\"font-size:clamp(24.034px, 1.502rem + ((1vw - 3.2px) * 1.663), 40px);\"><strong>APP<\/strong><\/h2>\n\n\n\n<p>Promuovi la tua app<\/p>\n\n\n\n<hr class=\"wp-block-separator has-css-opacity is-style-wide\"\/>\n\n\n\n<p>Raggiungi gli utenti interessati ad app come la tua per aumentare le installazioni oppure ravviva l\u2019interesse degli utenti gi\u00e0 registrati per aumentare le azioni in-app.<\/p>\n<\/div>\n<\/div>\n\n\n\n<figure class=\"wp-block-image size-large\"><img loading=\"lazy\" decoding=\"async\" width=\"1024\" height=\"572\" src=\"https:\/\/normagarcia.it\/wp-content\/uploads\/2026\/03\/aeo-e-geo-seo-google-chat-gpt-norma-garcia-1024x572.png\" alt=\"Strategie importanti: AEO e GEO. campagne ads \" class=\"wp-image-1307\" srcset=\"https:\/\/normagarcia.it\/wp-content\/uploads\/2026\/03\/aeo-e-geo-seo-google-chat-gpt-norma-garcia-1024x572.png 1024w, https:\/\/normagarcia.it\/wp-content\/uploads\/2026\/03\/aeo-e-geo-seo-google-chat-gpt-norma-garcia-300x167.png 300w, https:\/\/normagarcia.it\/wp-content\/uploads\/2026\/03\/aeo-e-geo-seo-google-chat-gpt-norma-garcia-768x429.png 768w, https:\/\/normagarcia.it\/wp-content\/uploads\/2026\/03\/aeo-e-geo-seo-google-chat-gpt-norma-garcia-18x10.png 18w, https:\/\/normagarcia.it\/wp-content\/uploads\/2026\/03\/aeo-e-geo-seo-google-chat-gpt-norma-garcia.png 1376w\" sizes=\"auto, (max-width: 1024px) 100vw, 1024px\" \/><\/figure>\n\n\n\n<div class=\"wp-block-group alignfull has-text-color has-background is-layout-flow wp-block-group-is-layout-flow\" style=\"color:#000000;background-color:#ffffff\">\n<div style=\"height:64px\" aria-hidden=\"true\" class=\"wp-block-spacer\"><\/div>\n\n\n\n<div class=\"wp-block-gutena-accordion gutena-accordion-block gutena-accordion-block-5683c4-5f is-layout-flow wp-block-gutena-accordion-is-layout-flow\" data-single=\"false\">\n<div class=\"wp-block-gutena-accordion-panel gutena-accordion-block__panel\">\n<div class=\"wp-block-gutena-accordion-panel-title gutena-accordion-block__panel-title\"><div class=\"gutena-accordion-block__panel-title-inner\">\n<h6 class=\"wp-block-heading has-text-align-left\" style=\"margin-top:0px;margin-right:0px;margin-bottom:0px;margin-left:0px\">Quali sono i diversi tipi di campagne Google Ads che puoi gestire?<\/h6>\n<div class=\"trigger-plus-minus\"><div class=\"horizontal\"><\/div><div class=\"vertical\"><\/div><\/div><\/div><\/div>\n\n\n\n<div class=\"wp-block-gutena-accordion-panel-content gutena-accordion-block__panel-content\"><div class=\"gutena-accordion-block__panel-content-inner\">\n<p style=\"margin-top:0;margin-bottom:0\">Esistono molti tipi di campagne Google Ads tra cui scegliere:<\/p>\n\n\n\n<p style=\"margin-top:0;margin-bottom:0\">Annunci della rete di ricerca Campagne Performance Max Annunci display Campagne Demand Gen Annunci Shopping Annunci video Annunci nelle app Il tipo di campagna che selezioni si basa sui tuoi obiettivi di marketing, sulla strategia del marchio e su quanto tempo puoi investire.<\/p>\n<\/div><\/div>\n<\/div>\n\n\n\n<div class=\"wp-block-gutena-accordion-panel gutena-accordion-block__panel\">\n<div class=\"wp-block-gutena-accordion-panel-title gutena-accordion-block__panel-title\"><div class=\"gutena-accordion-block__panel-title-inner\">\n<h6 class=\"wp-block-heading has-text-align-left\" style=\"margin-top:0px;margin-right:0px;margin-bottom:0px;margin-left:0px\">Quale tipo di campagna Google Ads \u00e8 pi\u00f9 adatto alla mia attivit\u00e0?<\/h6>\n<div class=\"trigger-plus-minus\"><div class=\"horizontal\"><\/div><div class=\"vertical\"><\/div><\/div><\/div><\/div>\n\n\n\n<div class=\"wp-block-gutena-accordion-panel-content gutena-accordion-block__panel-content\"><div class=\"gutena-accordion-block__panel-content-inner\">\n<p style=\"margin-top:0;margin-bottom:0\">La migliore campagna pubblicitaria per la tua attivit\u00e0 dipende dai tuoi obiettivi. Il tipo di campagna che selezioni si basa sui tuoi obiettivi di marketing, sulla strategia del marchio e su quanto tempo puoi investire.<\/p>\n<\/div><\/div>\n<\/div>\n\n\n\n<div class=\"wp-block-gutena-accordion-panel gutena-accordion-block__panel\">\n<div class=\"wp-block-gutena-accordion-panel-title gutena-accordion-block__panel-title\"><div class=\"gutena-accordion-block__panel-title-inner\">\n<h6 class=\"wp-block-heading has-text-align-left\" style=\"margin-top:0px;margin-right:0px;margin-bottom:0px;margin-left:0px\">Google  e Meta Ads utilizza l&#8217;intelligenza artificiale?<\/h6>\n<div class=\"trigger-plus-minus\"><div class=\"horizontal\"><\/div><div class=\"vertical\"><\/div><\/div><\/div><\/div>\n\n\n\n<div class=\"wp-block-gutena-accordion-panel-content gutena-accordion-block__panel-content\"><div class=\"gutena-accordion-block__panel-content-inner\">\n<p style=\"margin-top:0;margin-bottom:0\">S\u00ec, le soluzioni pubblicitarie basate sull\u2019intelligenza artificiale di Google e di Meta ti consentono di migliorare il tuo marketing, aiutandoti a trovare nuovi clienti, pubblicare creativit\u00e0, cogliere nuove opportunit\u00e0 di crescita e moltiplicare i risultati della tua attivit\u00e0.<\/p>\n<\/div><\/div>\n<\/div>\n\n\n\n<div class=\"wp-block-gutena-accordion-panel gutena-accordion-block__panel\">\n<div class=\"wp-block-gutena-accordion-panel-title gutena-accordion-block__panel-title\"><div class=\"gutena-accordion-block__panel-title-inner\">\n<h6 class=\"wp-block-heading has-text-align-left\" style=\"margin-top:0px;margin-right:0px;margin-bottom:0px;margin-left:0px\">Come si pu\u00f2 utilizzare Google e Meta Ads per raggiungere potenziali clienti?<\/h6>\n<div class=\"trigger-plus-minus\"><div class=\"horizontal\"><\/div><div class=\"vertical\"><\/div><\/div><\/div><\/div>\n\n\n\n<div class=\"wp-block-gutena-accordion-panel-content gutena-accordion-block__panel-content\"><div class=\"gutena-accordion-block__panel-content-inner\">\n<p style=\"margin-top:0;margin-bottom:0\">Google  e Meta Ads possono aiutarti a trovare potenziali clienti interessati a prodotti o marchi come i tuoi. La strategia di segmentare il pubblico Ads ti consentono di intercettare le persone in base alle loro passioni o agli argomenti che cercano attivamente. Creando segmenti di pubblico in base a parole chiave e siti web pertinenti, puoi offrire annunci pi\u00f9 rilevanti per raggiungere meglio i tuoi obiettivi.<\/p>\n<\/div><\/div>\n<\/div>\n<\/div>\n\n\n\n<h2 style=\"text-align: center;\">Distinguiti con Strategia Ads con Agenti di IA<\/h2>\n\n\n\n<h2 class=\"wp-block-heading has-text-align-center has-small-font-size\"><strong>Inizia con la nostra consulenza personalizzata gratuita. Crea un piano pubblicitario personalizzato con un esperto Google Ads.<\/strong><\/h2>\n\n\n\n<h2 class=\"wp-block-heading has-text-align-center\" id=\"schedule-a-visit\" style=\"font-size:clamp(32.969px, 2.061rem + ((1vw - 3.2px) * 2.712), 59px);px;line-height:1.15\"><strong>Sarei felice di aiutarti.<\/strong><\/h2>\n\n\n\n<div class=\"wp-block-buttons is-horizontal is-content-justification-center is-layout-flex wp-container-core-buttons-is-layout-03627597 wp-block-buttons-is-layout-flex\">\n<div class=\"wp-block-button has-custom-width wp-block-button__width-50\"><a class=\"wp-block-button__link has-text-color has-background wp-element-button\" href=\"https:\/\/normagarcia.it\/pt\/consulenza\/\" style=\"border-radius:50px;color:#ffffff;background-color:#000000\" target=\"_blank\" rel=\"noreferrer noopener\">Fissa un appuntamento<\/a><\/div>\n<\/div>\n\n\n\n<div style=\"height:64px\" aria-hidden=\"true\" class=\"wp-block-spacer\"><\/div>\n<\/div>","protected":false},"excerpt":{"rendered":"<p>Aumenta le vendite con Google e Meta Ads Prenota una consulenza gratuita che ti aiuto a scoprire ci\u00f2 che conta di pi\u00f9 per la tua attivit\u00e0 per consentirti di scegliere soluzioni che producano risultati. Usufruisci di un servizio gratuito di consulenza individuale. Crea un piano pubblicitario personalizzato con un esperto Google Ads. Raggiungi tutti i [&hellip;]<\/p>\n","protected":false},"author":3,"featured_media":1358,"parent":0,"menu_order":0,"comment_status":"closed","ping_status":"closed","template":"page-with-title","meta":{"footnotes":""},"class_list":["post-1723","page","type-page","status-publish","has-post-thumbnail","hentry"],"_links":{"self":[{"href":"https:\/\/normagarcia.it\/pt\/wp-json\/wp\/v2\/pages\/1723","targetHints":{"allow":["GET"]}}],"collection":[{"href":"https:\/\/normagarcia.it\/pt\/wp-json\/wp\/v2\/pages"}],"about":[{"href":"https:\/\/normagarcia.it\/pt\/wp-json\/wp\/v2\/types\/page"}],"author":[{"embeddable":true,"href":"https:\/\/normagarcia.it\/pt\/wp-json\/wp\/v2\/users\/3"}],"replies":[{"embeddable":true,"href":"https:\/\/normagarcia.it\/pt\/wp-json\/wp\/v2\/comments?post=1723"}],"version-history":[{"count":48,"href":"https:\/\/normagarcia.it\/pt\/wp-json\/wp\/v2\/pages\/1723\/revisions"}],"predecessor-version":[{"id":2282,"href":"https:\/\/normagarcia.it\/pt\/wp-json\/wp\/v2\/pages\/1723\/revisions\/2282"}],"wp:featuredmedia":[{"embeddable":true,"href":"https:\/\/normagarcia.it\/pt\/wp-json\/wp\/v2\/media\/1358"}],"wp:attachment":[{"href":"https:\/\/normagarcia.it\/pt\/wp-json\/wp\/v2\/media?parent=1723"}],"curies":[{"name":"wp","href":"https:\/\/api.w.org\/{rel}","templated":true}]}}