{"id":1706,"date":"2026-04-12T06:16:46","date_gmt":"2026-04-12T06:16:46","guid":{"rendered":"https:\/\/normagarcia.it\/?page_id=1706"},"modified":"2026-04-26T16:25:06","modified_gmt":"2026-04-26T16:25:06","slug":"servizi-automazione-con-agenti-ia","status":"publish","type":"page","link":"https:\/\/normagarcia.it\/pt\/servizi-automazione-con-agenti-ia\/","title":{"rendered":"Automazione su Misura con Agenti IA"},"content":{"rendered":"<figure class=\"wp-block-image size-large\"><img loading=\"lazy\" decoding=\"async\" width=\"1024\" height=\"572\" class=\"wp-image-1360\" src=\"https:\/\/normagarcia.it\/wp-content\/uploads\/2026\/03\/2-norma-garcia-n8n-workflow-agente-perfetto-nodi-percezione-ragionamento-azione.png-1024x572.png\" alt=\"Automazione e Agenti IA\" srcset=\"https:\/\/normagarcia.it\/wp-content\/uploads\/2026\/03\/2-norma-garcia-n8n-workflow-agente-perfetto-nodi-percezione-ragionamento-azione.png-1024x572.png 1024w, https:\/\/normagarcia.it\/wp-content\/uploads\/2026\/03\/2-norma-garcia-n8n-workflow-agente-perfetto-nodi-percezione-ragionamento-azione.png-300x167.png 300w, https:\/\/normagarcia.it\/wp-content\/uploads\/2026\/03\/2-norma-garcia-n8n-workflow-agente-perfetto-nodi-percezione-ragionamento-azione.png-768x429.png 768w, https:\/\/normagarcia.it\/wp-content\/uploads\/2026\/03\/2-norma-garcia-n8n-workflow-agente-perfetto-nodi-percezione-ragionamento-azione.png-1536x857.png 1536w, https:\/\/normagarcia.it\/wp-content\/uploads\/2026\/03\/2-norma-garcia-n8n-workflow-agente-perfetto-nodi-percezione-ragionamento-azione.png-2048x1143.png 2048w, https:\/\/normagarcia.it\/wp-content\/uploads\/2026\/03\/2-norma-garcia-n8n-workflow-agente-perfetto-nodi-percezione-ragionamento-azione.png-18x10.png 18w\" sizes=\"auto, (max-width: 1024px) 100vw, 1024px\" \/><\/figure>\n<!-- \/wp:post-content -->\n<h3 style=\"text-align: center;\">Automazione su misure con IA<\/h3>\n<p style=\"text-align: left;\">Progetto flussi e automazioni su misura per semplificare attivit\u00e0 ripetitive, migliorare l\u2019organizzazione interna e alleggerire il carico operativo.<\/p>\n\n<ul class=\"service-list\" style=\"text-align: left;\">\n \t<li>Automazioni per contenuti, follow-up e processi.<\/li>\n \t<li>Automazione su misura per prenotare gli appuntamenti e riunioni.<\/li>\n \t<li>Flussi pi\u00f9 ordinati e sostenibili nel tempo.<\/li>\n \t<li>Supporto all\u2019adozione concreta dell\u2019IA nel lavoro.<\/li>\n<\/ul>\n<p style=\"text-align: left;\">Progettiamo automazioni su misura con agenti IA per semplificare attivit\u00e0 ripetitive e migliorare la relazione con il tuo pubblico sui canali digitali.\u200b<\/p>\n<p style=\"text-align: left;\">Ogni flusso \u00e8 costruito nel rispetto della voce del brand, dei suoi valori e dei suoi obiettivi, cos\u00ec da rendere il lavoro pi\u00f9 rapido, ordinato e sostenibile nel tempo.<\/p>\n<!-- wp:paragraph -->\n\n<!-- \/wp:paragraph -->","protected":false},"excerpt":{"rendered":"<p>Automazione su misure con IA Progetto flussi e automazioni su misura per semplificare attivit\u00e0 ripetitive, migliorare l\u2019organizzazione interna e alleggerire il carico operativo. Automazioni per contenuti, follow-up e processi. Automazione su misura per prenotare gli appuntamenti e riunioni. Flussi pi\u00f9 ordinati e sostenibili nel tempo. Supporto all\u2019adozione concreta dell\u2019IA nel lavoro. Progettiamo automazioni su misura [&hellip;]<\/p>\n","protected":false},"author":3,"featured_media":1360,"parent":0,"menu_order":0,"comment_status":"closed","ping_status":"closed","template":"page-with-title","meta":{"footnotes":""},"class_list":["post-1706","page","type-page","status-publish","has-post-thumbnail","hentry"],"_links":{"self":[{"href":"https:\/\/normagarcia.it\/pt\/wp-json\/wp\/v2\/pages\/1706","targetHints":{"allow":["GET"]}}],"collection":[{"href":"https:\/\/normagarcia.it\/pt\/wp-json\/wp\/v2\/pages"}],"about":[{"href":"https:\/\/normagarcia.it\/pt\/wp-json\/wp\/v2\/types\/page"}],"author":[{"embeddable":true,"href":"https:\/\/normagarcia.it\/pt\/wp-json\/wp\/v2\/users\/3"}],"replies":[{"embeddable":true,"href":"https:\/\/normagarcia.it\/pt\/wp-json\/wp\/v2\/comments?post=1706"}],"version-history":[{"count":16,"href":"https:\/\/normagarcia.it\/pt\/wp-json\/wp\/v2\/pages\/1706\/revisions"}],"predecessor-version":[{"id":2202,"href":"https:\/\/normagarcia.it\/pt\/wp-json\/wp\/v2\/pages\/1706\/revisions\/2202"}],"wp:featuredmedia":[{"embeddable":true,"href":"https:\/\/normagarcia.it\/pt\/wp-json\/wp\/v2\/media\/1360"}],"wp:attachment":[{"href":"https:\/\/normagarcia.it\/pt\/wp-json\/wp\/v2\/media?parent=1706"}],"curies":[{"name":"wp","href":"https:\/\/api.w.org\/{rel}","templated":true}]}}